{"id":1271,"date":"2023-01-10T15:18:00","date_gmt":"2023-01-10T14:18:00","guid":{"rendered":"https:\/\/shtandart.xyz\/?page_id=1271"},"modified":"2023-12-24T15:55:39","modified_gmt":"2023-12-24T14:55:39","slug":"gift-certificate","status":"publish","type":"page","link":"https:\/\/shtandart.eu\/de\/gift-certificate\/","title":{"rendered":"Gutschein verschenken"},"content":{"rendered":"<p><b>Eine tolle Idee f\u00fcr ein unvergessliches Geschenk - ein Gutschein f\u00fcr eine Reise mit der Fregatte Shtandart \u00fcber eine Woche. Ihre Angeh\u00f6rigen k\u00f6nnen den passenden Zeitraum und die Reiseroute auf unserer Webseite ausw\u00e4hlen*. Die G\u00fcltigkeitsdauer der Gutscheine betr\u00e4gt drei Jahre.<\/b>\u00a0<br \/>\u00a0\u00a0\u00a0 <br \/>Mit dem Gutschein k\u00f6nnen Sie eine Reise mit einer Dauer von bis zu 8 Tagen ausw\u00e4hlen. <br \/><br \/>Das ist ein besonderes und aufregendes Geschenk - ein richtiges Abenteuer f\u00fcr Ihre Liebsten! <br \/><br \/>Gespannt, aber noch nicht sicher, wann Sie mitsegeln k\u00f6nnen? Schenken Sie dieses wertvolle Geschenk doch auch sich selbst. Das ist der erste Schritt zu Ihrem Traum! Spartipp: Der Gutschein ist meistens g\u00fcnstiger, als eine einfache Reise auf unserer Seite. <br \/><br \/><b>Einen Gutschein erwerben<\/b> <br \/><br \/> Bitte f\u00fcllen Sie den Fragebogen unten auf diser Seite oder senden Sie Ihre Anfrage direkt an <a href=\"mailto:voyage@shtandart.eu\">voyage@shtandart.eu<\/a>. Wir inrofmieren Sie \u00fcber die Bezahlm\u00f6glickeiten. Bitte beachten Sie, dass der Gutschein nicht die Anreisekosten, Visum- oder weitere private Kosten beinhaltet. <br \/><br \/>Nach der Bezahlung ordnen wir Ihrem personengebundenen Gutschein eine Nummer in unserer Datenbank und senden ihn Ihnen je nach Anfrage elektronisch oder in Papierform zu. <br \/><br \/>Bitte lesen Sie <a href=\"https:\/\/shtandart.eu\/de\/about-shtandart\/life-on-board\/\">die Teilnahmeregeln<\/a> und vergewissern Sie sich vor dem Erwerb des Gutscheins, dass die Reise mit der Fregatte Shtandart Ihnen oder Ihren Angeh\u00f6rigen passen wird. <br \/><br \/><b> Den Gutschein einl\u00f6sen<\/b> <br \/><br \/>Nach der Auswahl einer verf\u00fcgbaren Route senden Sie uns bitte Ihre Daten auf <a href=\"mailto:voyage@shtandart.eu\">voyage@shtandart.eu<\/a><span>  zu: Name und Alter des Teilnehmers, den gew\u00fcnschten Zeitraum, Nummer Ihres Gutscheines<\/span><br \/><br \/>Unser Reiseplan wird normalerweise ein halbes Jahr im Voraus erstellt und auf unserer Webseite regelm\u00e4\u00dfig aktualisiert. Im Voraus zu planen lohnt sich - dann gibt es noch genug freie Pl\u00e4tze an Bord. Wollen Sie das Zertifikat schon beim Erwerb f\u00fcr eine bestimmte Route einl\u00f6sen, bitte geben Sie uns sofort beim Ausf\u00fcllen des Fragebogens Bescheid. <br \/><br \/>Bitte beachten Sie, dass die G\u00fcltigkeitsdauer 3 Jahre betr\u00e4gt. <br \/><br \/>Sollte der Gutschein aus Gr\u00fcnden, die in unserem Haftungsbereich liegen, nicht benutzt werden k\u00f6nnen, werden wir Ihnen die Erwerbekosten erstatten. <br \/><br \/><em> * Bitte informieren Sie uns \u00fcber E-Mail voyage@shtandart.eu mindestens 1 Monat im Voraus vor Reisebeginn \u00fcber Ihren Gutschein f\u00fcr den ausgew\u00e4hlten Zeitraum. <a href=\"mailto:voyage@shtandart.eu\">voyage@shtandart.eu<\/a> <\/em> <br \/><br \/>\r\n\t<div id=\"calendarista_23\" class=\"calendarista card calendarista-typography\">\r\n\t\t\t\t<div class=\"calendarista-wizard card\">\r\n\t\t\t<div class=\"card-header\">\r\n\t\t\t\t<div class=\"col-xl-12 calendarista-navbar-container\">\r\n\t\t\t\t\t<div id=\"navbar_calendarista_23\">\r\n\t\t\t\t\t\t<ol class=\"nav nav-tabs calendarista-wizard-nav card-header-tabs calendarista-typography--caption1\">\r\n\t\t\t\t\t\t\t\t\t\t\t\t  <li class=\"nav-item\">\r\n\t\t\t\t\t\t\t<a href=\"#\" class=\"nav-link active\" data-calendarista-index=\"1\">\r\n\t\t\t\t\t\t\t  <span class=\"calendarista-nav-label\">Date of booking<\/span>\r\n\t\t\t\t\t\t\t<\/a>\r\n\t\t\t\t\t\t  <\/li>\r\n\t\t\t\t\t\t  \t\t\t\t\t\t  <li class=\"nav-item\">\r\n\t\t\t\t\t\t\t<a href=\"#\" class=\"nav-link\" data-calendarista-index=\"2\">\r\n\t\t\t\t\t\t\t  <span class=\"calendarista-nav-label\">Details<\/span>\r\n\t\t\t\t\t\t\t<\/a>\r\n\t\t\t\t\t\t  <\/li>\r\n\t\t\t\t\t\t  \t\t\t\t\t\t  <li class=\"nav-item\">\r\n\t\t\t\t\t\t\t<a href=\"#\" class=\"nav-link\" data-calendarista-index=\"3\">\r\n\t\t\t\t\t\t\t  <span class=\"calendarista-nav-label\">Check out<\/span>\r\n\t\t\t\t\t\t\t<\/a>\r\n\t\t\t\t\t\t  <\/li>\r\n\t\t\t\t\t\t  \t\t\t\t\t\t<\/ol>\r\n\t\t\t\t\t\t\t\t\t\t\t<\/div>\r\n\t\t\t\t<\/div>\r\n\t\t\t<\/div>\r\n\t\t\t<div class=\"card-body\">\r\n\t\t\t\t<div class=\"calendarista-wizard-section-block calendarista-wizard-section-block-include-thumb calendarista-wizard-section-no-thumbnail\">\r\n\t\t\t\t\t<div class=\"calendarista-wizard-section-block-thumb\" style=\"display:none;\"><\/div>\r\n\t\t\t\t\t<div class=\"container\">\r\n\t\t\t\t\t\t\t\t\t\t\t\t\t\t\t\t\t\t<form id=\"form-calendarista_23\" data-parsley-validate action=\"\/de\/wp-json\/wp\/v2\/pages\/1271#CAL23\" method=\"post\" \r\n\t\t\t\t\t\t\tdata-parsley-inputs=\"input, textarea, select, hidden\" \r\n\t\t\t\t\t\t\tdata-parsley-excluded=\"input[type=button], input[type=submit], input[type=reset]\" data-trp-original-action=\"\/de\/wp-json\/wp\/v2\/pages\/1271#CAL23\">\r\n\t\t\t\t\t\t\t<input type=\"hidden\" name=\"projectId\" value=\"23\">\r\n\t\t\t\t\t\t\t<input type=\"hidden\" name=\"calendarMode\" value=\"6\">\r\n\t\t\t\t\t\t\t<input type=\"hidden\" name=\"postbackStep\" value=\"calendar\"> \r\n\t\t\t\t\t\t\t<input type=\"hidden\" name=\"availabilityPreviewUrl\" value=\"\">\r\n\t\t\t\t\t\t\t<input type=\"hidden\" name=\"serviceThumbnailView\" value=\"0\">\r\n\t\t\t\t\t\t\t<input type=\"hidden\" name=\"availabilityThumbnailView\" value=\"0\">\r\n\t\t\t\t\t\t\t<input type=\"hidden\" name=\"__viewstate\" value=\"a:1:{i:0;a:1:{s:9:&quot;projectId&quot;;i:23;}}\">\r\n\t\t\t\t\t\t\t<input type=\"hidden\" name=\"stagingId\" value=\"\">\r\n\t\t\t\t\t\t\t<input type=\"hidden\" name=\"requestId\" value=\"calendarista_req_1776673353_69e5e24918e65\">\r\n\t\t\t\t\t\t\t<input type=\"hidden\" name=\"projectList\" value=\"23\">\r\n\t\t\t\t\t\t\t<input type=\"hidden\" name=\"enableMultipleBooking\" value=\"\">\r\n\t\t\t\t\t\t\t<input type=\"hidden\" name=\"calendarista_cart\" value=\"\"\/>\r\n\t\t\t\t\t\t\t\t\t<div class=\"calendarista calendarista-calendar-legend23 hide\">\r\n\t\t\t\t<div class=\"clearfix\"><\/div>\r\n\t<\/div>\r\n\t<input type=\"hidden\" name=\"availableDate\" value=\"\"\/>\r\n\t<input type=\"hidden\" name=\"minDate\" value=\"Montag, 20 April, 2026\"\/>\r\n\t<input type=\"hidden\" name=\"endDate\" value=\"\"\/>\r\n\t<input type=\"hidden\" name=\"clientAvailableDate\" value=\"\"\/>\r\n\t<input type=\"hidden\" name=\"clientEndDate\" value=\"\"\/>\r\n\t<input type=\"hidden\" name=\"maxTimeslots\" value=\"1\"\/>\r\n\t<input type=\"hidden\" name=\"timezone\" value=\"\"\/>\r\n\t<input type=\"hidden\" name=\"dynamicFieldsCount\" value=\"0\" \/>\r\n\t<input type=\"hidden\" name=\"multiDateSelection\" value=\"\"\/>\r\n\t<input type=\"hidden\" name=\"bookingDaysMinimum\" value=\"\"\/>\r\n\t\t\t\t<div class=\"col-xl-12\">\r\n\t\t<div class=\"form-group\">\r\n\t\t\t<div class=\"calendarista-no-availability-message calendarista-typography--caption1 calendarista-row-single\">No bookings available<\/div>\r\n\t\t<\/div>\r\n\t<\/div>\r\n\t\t\t\t\t<div class=\"calendarista-seats-placeholder\"><\/div>\r\n\t\t<div class=\"calendarista-dynamicfield-placeholder\"><\/div>\r\n\t\t<div class=\"calendarista-repeat-appointment-placeholder\"><\/div>\r\n\t\t\t<script type=\"text\/javascript\">\r\n\t(function(){\r\n\t\tfunction init(){\r\n\t\t\tvar calendar = new Calendarista.calendar({\r\n\t\t\t\t'id': 'calendarista_23'\r\n\t\t\t\t, 'calendarMode': 6 \r\n\t\t\t\t, 'firstDayOfWeek': 1\t\t\t\t, 'ajaxUrl': 'https:\/\/shtandart.eu\/wp-admin\/admin-ajax.php'\r\n\t\t\t\t, 'projectId': 23 \r\n\t\t\t\t, 'dateFormat': 'DD, d MM, yy'\r\n\t\t\t\t, 'thumbnails': []\t\t\t\t, 'appointment': -1\t\t\t\t, 'bookingDaysMinimum': 0\t\t\t\t, 'bookingDaysMaximum': 0\t\t\t\t, 'dayCountMode': 0\t\t\t\t, 'searchResultStartTime': ''\r\n\t\t\t\t, 'searchResultEndTime':  ''\r\n\t\t\t\t, 'timeDisplayMode': 0\t\t\t\t, 'enableMultipleBooking': 0\t\t\t\t, 'clearLabel': 'Clear'\r\n\t\t\t\t, 'seasons': []\t\t\t\t, 'minTime': 0\t\t\t\t, 'maxTime': 0\t\t\t\t, 'returnSameDay': 0\t\t\t\t, 'returnOptional': 0\t\t\t\t, 'repeatPageSize': 10\t\t\t})\r\n\t\t\t, gmaps;\r\n\t\t\t\t\t\tthis.$nextButton = calendar.$root.find('button[name=\"next\"]');\r\n\t\t\t\t\t\tthis.$nextButton.attr('data-calendarista-closed', true);\r\n\t\t\tthis.$nextButton.prop('disabled', true).addClass('ui-state-disabled');\r\n\t\t\t\t\t\tthis.$nextButton.on('click', function(e){\r\n\t\t\t\tvar $multiDateSelection = calendar.$root.find('input[name=\"multiDateSelection\"]')\r\n\t\t\t\t\t, bookingDaysMinimum = calendar.bookingDaysMinimum\r\n\t\t\t\t\t, multiDatesVal = $multiDateSelection.val()\r\n\t\t\t\t\t, multiDates = multiDatesVal ? multiDatesVal.split(';') : []\r\n\t\t\t\t\t, sel = (multiDates.length > 0 && (!bookingDaysMinimum || multiDates.length >= bookingDaysMinimum)) ? '.calendarista-dynamicfield.calendarista_parsley_validated' : null;\r\n\t\t\t\tif(!Calendarista.wizard.isValid(calendar.$root, sel)){\r\n\t\t\t\t\te.preventDefault();\r\n\t\t\t\t\treturn false;\r\n\t\t\t\t}else if (multiDates.length > 0){\r\n\t\t\t\t\tcalendar.$startDate.parsley().reset();\r\n\t\t\t\t}\r\n\t\t\t\tcalendar.unload();\r\n\t\t\t\tif(gmaps){\r\n\t\t\t\t\tgmaps.unload();\r\n\t\t\t\t}\r\n\t\t\t});\r\n\t\t}\r\n\t\t\t\t\r\n\t\tif (window.addEventListener){\r\n\t\t  window.addEventListener('load', onload, false); \r\n\t\t} else if (window.attachEvent){\r\n\t\t  window.attachEvent('onload', onload);\r\n\t\t}\r\n\t\tfunction onload(e){\r\n\t\t\tinit();\r\n\t\t}\r\n\t\t\t\t\r\n\t})();\r\n\t<\/script>\r\n\t\t\t\t\t\t\t\t<div class=\"clearfix\"><\/div>\r\n\t\t\t\t\t\t\t\t\t\t\t\t\t\t<div class=\"col-xl-12 calendarista-row-single calendarista-cost-summary-placeholder\"><\/div>\r\n\t\t\t\t\t\t\t\t\t\t\t\t\t\t<div class=\"col-xl-12 calendarista-row-double\">\r\n\t\t\t\t\t\t\t\t<div class=\"row\">\r\n\t\t\t\t\t\t\t\t\t<div class=\"col-1\">\r\n\t\t\t\t\t\t\t\t\t\t<div id=\"spinner_calendarista_23\" class=\"spinner-border text-primary calendarista-invisible\" role=\"status\">\r\n\t\t\t\t\t\t\t\t\t\t  <span class=\"sr-only\">Loading...<\/span>\r\n\t\t\t\t\t\t\t\t\t\t<\/div>\r\n\t\t\t\t\t\t\t\t\t<\/div>\r\n\t\t\t\t\t\t\t\t\t<div class=\"col-11 calendarista-align-right\">\r\n\t\t\t\t\t\t\t\t\t\t\t\t\t\t\t\t\t\t\t\t\t\t\t\t\t\t\t\t\t\t\t<button id=\"calendarista_23_next\" type=\"button\" name=\"next\" class=\"btn btn-primary calendarista-typography--button calendarista-btn-next\" value=\"2\">Next&nbsp;<i class=\"fa fa-chevron-right\"><\/i><\/button>\r\n\t\t\t\t\t\t\t\t\t\t\t\t\t\t\t\t\t\t\t<\/div>\r\n\t\t\t\t\t\t\t\t<\/div>\r\n\t\t\t\t\t\t\t<\/div>\r\n\t\t\t\t\t\t<input type=\"hidden\" name=\"trp-form-language\" value=\"de\"\/><\/form>\r\n\t\t\t\t\t\t<div class=\"clearfix\"><\/div>\r\n\t\t\t\t\t\t<script type=\"text\/javascript\">\r\n\t\t\t\t\t\t(function(){\r\n\t\t\t\t\t\t\t\"use strict\";\r\n\t\t\t\t\t\t\tfunction init(){\r\n\t\t\t\t\t\t\t\tnew Calendarista.wizard({\r\n\t\t\t\t\t\t\t\t\t'id': 'calendarista_23'\r\n\t\t\t\t\t\t\t\t\t, 'wizardAction': 'calendarista_wizard'\r\n\t\t\t\t\t\t\t\t\t, 'prevIndex': 0\t\t\t\t\t\t\t\t\t, 'nextIndex': 2\t\t\t\t\t\t\t\t\t, 'stepCounter': 3\t\t\t\t\t\t\t\t\t, 'appointment': 0\r\n\t\t\t\t\t\t\t\t\t, 'steps': [{\"name\":\"calendar\",\"counter\":1,\"label\":\"Date of booking\"},{\"name\":\"form\",\"counter\":2,\"label\":\"Details\"},{\"name\":\"checkout\",\"counter\":3,\"label\":\"Check out\"}]\t\t\t\t\t\t\t\t\t, 'selectedStepName': 'calendar'\r\n\t\t\t\t\t\t\t\t\t, 'selectedStepIndex': 1\t\t\t\t\t\t\t\t});\r\n\t\t\t\t\t\t\t}\r\n\t\t\t\t\t\t\t\t\t\t\t\t\t\tif (window.addEventListener){\r\n\t\t\t\t\t\t\t  window.addEventListener('load', onload, false); \r\n\t\t\t\t\t\t\t} else if (window.attachEvent){\r\n\t\t\t\t\t\t\t  window.attachEvent('onload', onload);\r\n\t\t\t\t\t\t\t}\r\n\t\t\t\t\t\t\tfunction onload(e){\r\n\t\t\t\t\t\t\t\tinit();\r\n\t\t\t\t\t\t\t}\r\n\t\t\t\t\t\t\t\t\t\t\t\t\t})();\r\n\t\t\t\t\t\t<\/script>\r\n\t\t\t\t\t<\/div>\r\n\t\t\t\t<\/div>\r\n\t\t\t<\/div>\r\n\t\t<\/div>\r\n\t<\/div>\r\n\t <br \/>\n\n\n<p><strong>Learn more about sailing voyages on the Shtandart ship<\/strong><\/p>\n<ul>\n<li><a href=\"https:\/\/shtandart.eu\/de\/about-shtandart\/life-on-board\/\">Lese \u00fcber das Bordleben<\/a><\/li>\n<li><a href=\"https:\/\/shtandart.eu\/de\/prepare-your-journey\/\">Reisevorbereitung<\/a><\/li>\n<li><a href=\"https:\/\/shtandart.eu\/de\/faq\/\">Fragen und Antworten<\/a><\/li>\n<li><a href=\"https:\/\/shtandart.eu\/ru\/services\/sail-with-us\/?trp-edit-translation=preview\" target=\"_self\" data-trp-original-href=\"\/services\/sail-with-us\/\" rel=\"noopener\">W\u00e4hle Deine Reise<\/a><\/li>\n<\/ul>\n\n\n<p><em>P.S. If you have any questions contact us: <a href=\"mailto:voyage@shtandart.eu\">voyage@shtandart.eu<\/a><\/em><\/p>","protected":false},"excerpt":{"rendered":"<p>A great idea for an unforgettable gift: a certificate for any week-long voyage with the Shtandart. Your loved ones will be able to chose the most convenient time and route*. Gift certificates are valid for the next three years.\u00a0\u00a0\u00a0\u00a0 The certificate gives the right to participate in any Shtandart voyage shorter than 8 days. An [&hellip;]<\/p>","protected":false},"author":990011,"featured_media":1541,"parent":0,"menu_order":10,"comment_status":"closed","ping_status":"closed","template":"","meta":{"_themeisle_gutenberg_block_has_review":false,"footnotes":""},"class_list":["post-1271","page","type-page","status-publish","has-post-thumbnail","hentry"],"yoast_head":"<!-- This site is optimized with the Yoast SEO plugin v25.5 - https:\/\/yoast.com\/wordpress\/plugins\/seo\/ -->\n<title>Gift certificate - Shtandart<\/title>\n<meta name=\"robots\" content=\"index, follow, max-snippet:-1, max-image-preview:large, max-video-preview:-1\" \/>\n<link rel=\"canonical\" href=\"https:\/\/shtandart.eu\/de\/gift-certificate\/\" \/>\n<meta property=\"og:locale\" content=\"de_DE\" \/>\n<meta property=\"og:type\" content=\"article\" \/>\n<meta property=\"og:title\" content=\"Gift certificate - Shtandart\" \/>\n<meta property=\"og:description\" content=\"A great idea for an unforgettable gift: a certificate for any week-long voyage with the Shtandart. Your loved ones will be able to chose the most convenient time and route*. Gift certificates are valid for the next three years.\u00a0\u00a0\u00a0\u00a0 The certificate gives the right to participate in any Shtandart voyage shorter than 8 days. An [&hellip;]\" \/>\n<meta property=\"og:url\" content=\"https:\/\/shtandart.eu\/de\/gift-certificate\/\" \/>\n<meta property=\"og:site_name\" content=\"Shtandart\" \/>\n<meta property=\"article:publisher\" content=\"https:\/\/www.facebook.com\/Frigate.Shtandart\/\" \/>\n<meta property=\"article:modified_time\" content=\"2023-12-24T14:55:39+00:00\" \/>\n<meta property=\"og:image\" content=\"https:\/\/shtandart.eu\/wp-content\/uploads\/2023\/07\/u-2kRpVZl6g-2.jpg\" \/>\n\t<meta property=\"og:image:width\" content=\"1152\" \/>\n\t<meta property=\"og:image:height\" content=\"768\" \/>\n\t<meta property=\"og:image:type\" content=\"image\/jpeg\" \/>\n<meta name=\"twitter:card\" content=\"summary_large_image\" \/>\n<meta name=\"twitter:label1\" content=\"Gesch\u00e4tzte Lesezeit\" \/>\n\t<meta name=\"twitter:data1\" content=\"2\u00a0Minuten\" \/>\n<script type=\"application\/ld+json\" class=\"yoast-schema-graph\">{\"@context\":\"https:\/\/schema.org\",\"@graph\":[{\"@type\":\"WebPage\",\"@id\":\"https:\/\/shtandart.eu\/gift-certificate\/\",\"url\":\"https:\/\/shtandart.eu\/gift-certificate\/\",\"name\":\"Gift certificate - Shtandart\",\"isPartOf\":{\"@id\":\"https:\/\/shtandart.eu\/#website\"},\"primaryImageOfPage\":{\"@id\":\"https:\/\/shtandart.eu\/gift-certificate\/#primaryimage\"},\"image\":{\"@id\":\"https:\/\/shtandart.eu\/gift-certificate\/#primaryimage\"},\"thumbnailUrl\":\"https:\/\/shtandart.eu\/wp-content\/uploads\/2023\/07\/u-2kRpVZl6g-2.jpg\",\"datePublished\":\"2023-01-10T14:18:00+00:00\",\"dateModified\":\"2023-12-24T14:55:39+00:00\",\"breadcrumb\":{\"@id\":\"https:\/\/shtandart.eu\/gift-certificate\/#breadcrumb\"},\"inLanguage\":\"de\",\"potentialAction\":[{\"@type\":\"ReadAction\",\"target\":[\"https:\/\/shtandart.eu\/gift-certificate\/\"]}]},{\"@type\":\"ImageObject\",\"inLanguage\":\"de\",\"@id\":\"https:\/\/shtandart.eu\/gift-certificate\/#primaryimage\",\"url\":\"https:\/\/shtandart.eu\/wp-content\/uploads\/2023\/07\/u-2kRpVZl6g-2.jpg\",\"contentUrl\":\"https:\/\/shtandart.eu\/wp-content\/uploads\/2023\/07\/u-2kRpVZl6g-2.jpg\",\"width\":1152,\"height\":768},{\"@type\":\"BreadcrumbList\",\"@id\":\"https:\/\/shtandart.eu\/gift-certificate\/#breadcrumb\",\"itemListElement\":[{\"@type\":\"ListItem\",\"position\":1,\"name\":\"Home\",\"item\":\"https:\/\/shtandart.eu\/\"},{\"@type\":\"ListItem\",\"position\":2,\"name\":\"Gift certificate\"}]},{\"@type\":\"WebSite\",\"@id\":\"https:\/\/shtandart.eu\/#website\",\"url\":\"https:\/\/shtandart.eu\/\",\"name\":\"Shtandart\",\"description\":\"\",\"publisher\":{\"@id\":\"https:\/\/shtandart.eu\/#organization\"},\"potentialAction\":[{\"@type\":\"SearchAction\",\"target\":{\"@type\":\"EntryPoint\",\"urlTemplate\":\"https:\/\/shtandart.eu\/?s={search_term_string}\"},\"query-input\":{\"@type\":\"PropertyValueSpecification\",\"valueRequired\":true,\"valueName\":\"search_term_string\"}}],\"inLanguage\":\"de\"},{\"@type\":\"Organization\",\"@id\":\"https:\/\/shtandart.eu\/#organization\",\"name\":\"Shtandart\",\"url\":\"https:\/\/shtandart.eu\/\",\"logo\":{\"@type\":\"ImageObject\",\"inLanguage\":\"de\",\"@id\":\"https:\/\/shtandart.eu\/#\/schema\/logo\/image\/\",\"url\":\"https:\/\/shtandart.eu\/wp-content\/uploads\/2023\/12\/\u0411\u0435\u0437-\u0438\u043c\u0435\u043d\u0438-2.png\",\"contentUrl\":\"https:\/\/shtandart.eu\/wp-content\/uploads\/2023\/12\/\u0411\u0435\u0437-\u0438\u043c\u0435\u043d\u0438-2.png\",\"width\":512,\"height\":511,\"caption\":\"Shtandart\"},\"image\":{\"@id\":\"https:\/\/shtandart.eu\/#\/schema\/logo\/image\/\"},\"sameAs\":[\"https:\/\/www.facebook.com\/Frigate.Shtandart\/\"]}]}<\/script>\n<!-- \/ Yoast SEO plugin. -->","yoast_head_json":{"title":"Gift certificate - Shtandart","robots":{"index":"index","follow":"follow","max-snippet":"max-snippet:-1","max-image-preview":"max-image-preview:large","max-video-preview":"max-video-preview:-1"},"canonical":"https:\/\/shtandart.eu\/de\/gift-certificate\/","og_locale":"de_DE","og_type":"article","og_title":"Gift certificate - Shtandart","og_description":"A great idea for an unforgettable gift: a certificate for any week-long voyage with the Shtandart. Your loved ones will be able to chose the most convenient time and route*. Gift certificates are valid for the next three years.\u00a0\u00a0\u00a0\u00a0 The certificate gives the right to participate in any Shtandart voyage shorter than 8 days. An [&hellip;]","og_url":"https:\/\/shtandart.eu\/de\/gift-certificate\/","og_site_name":"Shtandart","article_publisher":"https:\/\/www.facebook.com\/Frigate.Shtandart\/","article_modified_time":"2023-12-24T14:55:39+00:00","og_image":[{"width":1152,"height":768,"url":"https:\/\/shtandart.eu\/wp-content\/uploads\/2023\/07\/u-2kRpVZl6g-2.jpg","type":"image\/jpeg"}],"twitter_card":"summary_large_image","twitter_misc":{"Gesch\u00e4tzte Lesezeit":"2\u00a0Minuten"},"schema":{"@context":"https:\/\/schema.org","@graph":[{"@type":"WebPage","@id":"https:\/\/shtandart.eu\/gift-certificate\/","url":"https:\/\/shtandart.eu\/gift-certificate\/","name":"Gift certificate - Shtandart","isPartOf":{"@id":"https:\/\/shtandart.eu\/#website"},"primaryImageOfPage":{"@id":"https:\/\/shtandart.eu\/gift-certificate\/#primaryimage"},"image":{"@id":"https:\/\/shtandart.eu\/gift-certificate\/#primaryimage"},"thumbnailUrl":"https:\/\/shtandart.eu\/wp-content\/uploads\/2023\/07\/u-2kRpVZl6g-2.jpg","datePublished":"2023-01-10T14:18:00+00:00","dateModified":"2023-12-24T14:55:39+00:00","breadcrumb":{"@id":"https:\/\/shtandart.eu\/gift-certificate\/#breadcrumb"},"inLanguage":"de","potentialAction":[{"@type":"ReadAction","target":["https:\/\/shtandart.eu\/gift-certificate\/"]}]},{"@type":"ImageObject","inLanguage":"de","@id":"https:\/\/shtandart.eu\/gift-certificate\/#primaryimage","url":"https:\/\/shtandart.eu\/wp-content\/uploads\/2023\/07\/u-2kRpVZl6g-2.jpg","contentUrl":"https:\/\/shtandart.eu\/wp-content\/uploads\/2023\/07\/u-2kRpVZl6g-2.jpg","width":1152,"height":768},{"@type":"BreadcrumbList","@id":"https:\/\/shtandart.eu\/gift-certificate\/#breadcrumb","itemListElement":[{"@type":"ListItem","position":1,"name":"Home","item":"https:\/\/shtandart.eu\/"},{"@type":"ListItem","position":2,"name":"Gift certificate"}]},{"@type":"WebSite","@id":"https:\/\/shtandart.eu\/#website","url":"https:\/\/shtandart.eu\/","name":"Shtandart","description":"","publisher":{"@id":"https:\/\/shtandart.eu\/#organization"},"potentialAction":[{"@type":"SearchAction","target":{"@type":"EntryPoint","urlTemplate":"https:\/\/shtandart.eu\/?s={search_term_string}"},"query-input":{"@type":"PropertyValueSpecification","valueRequired":true,"valueName":"search_term_string"}}],"inLanguage":"de"},{"@type":"Organization","@id":"https:\/\/shtandart.eu\/#organization","name":"Shtandart","url":"https:\/\/shtandart.eu\/","logo":{"@type":"ImageObject","inLanguage":"de","@id":"https:\/\/shtandart.eu\/#\/schema\/logo\/image\/","url":"https:\/\/shtandart.eu\/wp-content\/uploads\/2023\/12\/\u0411\u0435\u0437-\u0438\u043c\u0435\u043d\u0438-2.png","contentUrl":"https:\/\/shtandart.eu\/wp-content\/uploads\/2023\/12\/\u0411\u0435\u0437-\u0438\u043c\u0435\u043d\u0438-2.png","width":512,"height":511,"caption":"Shtandart"},"image":{"@id":"https:\/\/shtandart.eu\/#\/schema\/logo\/image\/"},"sameAs":["https:\/\/www.facebook.com\/Frigate.Shtandart\/"]}]}},"_links":{"self":[{"href":"https:\/\/shtandart.eu\/de\/wp-json\/wp\/v2\/pages\/1271","targetHints":{"allow":["GET"]}}],"collection":[{"href":"https:\/\/shtandart.eu\/de\/wp-json\/wp\/v2\/pages"}],"about":[{"href":"https:\/\/shtandart.eu\/de\/wp-json\/wp\/v2\/types\/page"}],"author":[{"embeddable":true,"href":"https:\/\/shtandart.eu\/de\/wp-json\/wp\/v2\/users\/990011"}],"replies":[{"embeddable":true,"href":"https:\/\/shtandart.eu\/de\/wp-json\/wp\/v2\/comments?post=1271"}],"version-history":[{"count":11,"href":"https:\/\/shtandart.eu\/de\/wp-json\/wp\/v2\/pages\/1271\/revisions"}],"predecessor-version":[{"id":3130,"href":"https:\/\/shtandart.eu\/de\/wp-json\/wp\/v2\/pages\/1271\/revisions\/3130"}],"wp:featuredmedia":[{"embeddable":true,"href":"https:\/\/shtandart.eu\/de\/wp-json\/wp\/v2\/media\/1541"}],"wp:attachment":[{"href":"https:\/\/shtandart.eu\/de\/wp-json\/wp\/v2\/media?parent=1271"}],"curies":[{"name":"wp","href":"https:\/\/api.w.org\/{rel}","templated":true}]}}