{"id":1267,"date":"2023-02-13T10:00:36","date_gmt":"2023-02-13T09:00:36","guid":{"rendered":"https:\/\/shtandart.xyz\/?page_id=1267"},"modified":"2023-12-28T10:16:00","modified_gmt":"2023-12-28T09:16:00","slug":"prepare-your-journey","status":"publish","type":"page","link":"https:\/\/shtandart.eu\/de\/prepare-your-journey\/","title":{"rendered":"bereite deine reise vor"},"content":{"rendered":"<p style=\"text-align: center; font-size: 1.5em;\"><strong>Klar zum Segeln? La\u00df\u2019 mal sehen!<\/strong><\/p>\n\n\n<p><strong>Bring die aufgelisteten Sachen mit:<\/strong><\/p>\n\n\n\n<ul class=\"wp-block-list\">\n<li>Dokumente:\n<ul class=\"wp-block-list\">\n<li>Personalausweis bzw. Reisepass mit allen Visa, falls Du sie auf Deiner Reise ben\u00f6tigst<\/li>\n\n\n\n<li>Krankenversicherungsnachweis (Best\u00e4tigung Deiner Krankenkasse f\u00fcr eine Auslandsreise); ggf. auch Kopie Deiner Privathaftpflichtversicherung<\/li>\n\n\n\n<li>Bargeld bzw. EC-Karte (f\u00fcr Besuche in H\u00e4fen)<\/li>\n<\/ul>\n<\/li>\n\n\n\n<li>Medikamente \u2013 falls Du welche ben\u00f6tigst, bringe bitte die doppelte Menge f\u00fcr den Zeitraum des Segelt\u00f6rns mit. Benachrichtige die Schiffsf\u00fchrung gleich bei Ankunft auf dem Schiff \u00fcber Deine Gesundheitssituation (z. B. Allergien, Diabetes o.\u00e4.)<\/li>\n\n\n\n<li>Klamotten und Schuhe  \n<ul class=\"wp-block-list\">\n<li>Warme Sachen und eine warme M\u00fctze (nachts kann es bei der Nachwache an Deck ordentlich kalt werden)<\/li>\n\n\n\n<li>Sport- oder Turnschuhe mit kr\u00e4ftigen Sohlen und einem kleinen Absatz (f\u00fcr das Entern der Rahen)<\/li>\n<\/ul>\n\n\n\n<ul class=\"wp-block-list\">\n<li>Handschuhe f\u00fcr die Arbeit mit dem Tauwerk<\/li>\n<\/ul>\n<\/li>\n\n\n\n<li>Pers\u00f6nliche Hygieneartikel, Handtuch, Badesachen, Sonnenbrille und Sonnencreme mit hohem Sonnenschutzfaktor\n<ul class=\"wp-block-list\">\n<li>Falls m\u00f6glich einen Schlafsack (an Bord haben wir auch welche, aber ein eigener Schlafsack ist doch besser)<\/li>\n<\/ul>\n<\/li>\n<\/ul>\n\n\n\n<p><strong>Am besten l\u00e4\u00dft Du zu Hause:<\/strong> Alle Arten von Waffen und Sprays, Wertgegenst\u00e4nde, wertvoller Schmuck, Koffer.<\/p>\n\n\n\n<p><strong><strong>Einige n\u00fctzliche Informationen<\/strong><\/strong>:<\/p>\n\n\n\n<ul class=\"wp-block-list\">\n<li><a href=\"https:\/\/shtandart.eu\/de\/about-shtandart\/life-on-board\/\">Lese \u00fcber das Bordleben<\/a><\/li>\n\n\n\n<li><a href=\"https:\/\/shtandart.eu\/de\/faq\/\">Fragen und Antworten<\/a><\/li>\n\n\n\n<li><a href=\"https:\/\/shtandart.eu\/de\/services\/sail-with-us\/\">Unser Reiseplan<\/a><\/li>\n<\/ul>","protected":false},"excerpt":{"rendered":"<p>Are you ready for your sailing trip? Here&#8217;s our checklist to help you! You must bring the following items: Items best left at home: safety equipment (weapons, sprays), valuables, expensive jewellery, hard suitcases. Some more useful information:<\/p>","protected":false},"author":990011,"featured_media":0,"parent":0,"menu_order":0,"comment_status":"closed","ping_status":"closed","template":"","meta":{"_themeisle_gutenberg_block_has_review":false,"footnotes":""},"class_list":["post-1267","page","type-page","status-publish","hentry"],"yoast_head":"<!-- This site is optimized with the Yoast SEO plugin v25.5 - https:\/\/yoast.com\/wordpress\/plugins\/seo\/ -->\n<title>Get Ready for your Journey - Shtandart<\/title>\n<meta name=\"robots\" content=\"index, follow, max-snippet:-1, max-image-preview:large, max-video-preview:-1\" \/>\n<link rel=\"canonical\" href=\"https:\/\/shtandart.eu\/de\/prepare-your-journey\/\" \/>\n<meta property=\"og:locale\" content=\"de_DE\" \/>\n<meta property=\"og:type\" content=\"article\" \/>\n<meta property=\"og:title\" content=\"Get Ready for your Journey - Shtandart\" \/>\n<meta property=\"og:description\" content=\"Are you ready for your sailing trip? Here&#8217;s our checklist to help you! You must bring the following items: Items best left at home: safety equipment (weapons, sprays), valuables, expensive jewellery, hard suitcases. Some more useful information:\" \/>\n<meta property=\"og:url\" content=\"https:\/\/shtandart.eu\/de\/prepare-your-journey\/\" \/>\n<meta property=\"og:site_name\" content=\"Shtandart\" \/>\n<meta property=\"article:publisher\" content=\"https:\/\/www.facebook.com\/Frigate.Shtandart\/\" \/>\n<meta property=\"article:modified_time\" content=\"2023-12-28T09:16:00+00:00\" \/>\n<meta name=\"twitter:card\" content=\"summary_large_image\" \/>\n<meta name=\"twitter:label1\" content=\"Gesch\u00e4tzte Lesezeit\" \/>\n\t<meta name=\"twitter:data1\" content=\"1\u00a0Minute\" \/>\n<script type=\"application\/ld+json\" class=\"yoast-schema-graph\">{\"@context\":\"https:\/\/schema.org\",\"@graph\":[{\"@type\":\"WebPage\",\"@id\":\"https:\/\/shtandart.eu\/prepare-your-journey\/\",\"url\":\"https:\/\/shtandart.eu\/prepare-your-journey\/\",\"name\":\"Get Ready for your Journey - Shtandart\",\"isPartOf\":{\"@id\":\"https:\/\/shtandart.eu\/#website\"},\"datePublished\":\"2023-02-13T09:00:36+00:00\",\"dateModified\":\"2023-12-28T09:16:00+00:00\",\"breadcrumb\":{\"@id\":\"https:\/\/shtandart.eu\/prepare-your-journey\/#breadcrumb\"},\"inLanguage\":\"de\",\"potentialAction\":[{\"@type\":\"ReadAction\",\"target\":[\"https:\/\/shtandart.eu\/prepare-your-journey\/\"]}]},{\"@type\":\"BreadcrumbList\",\"@id\":\"https:\/\/shtandart.eu\/prepare-your-journey\/#breadcrumb\",\"itemListElement\":[{\"@type\":\"ListItem\",\"position\":1,\"name\":\"Home\",\"item\":\"https:\/\/shtandart.eu\/\"},{\"@type\":\"ListItem\",\"position\":2,\"name\":\"Get Ready for your Journey\"}]},{\"@type\":\"WebSite\",\"@id\":\"https:\/\/shtandart.eu\/#website\",\"url\":\"https:\/\/shtandart.eu\/\",\"name\":\"Shtandart\",\"description\":\"\",\"publisher\":{\"@id\":\"https:\/\/shtandart.eu\/#organization\"},\"potentialAction\":[{\"@type\":\"SearchAction\",\"target\":{\"@type\":\"EntryPoint\",\"urlTemplate\":\"https:\/\/shtandart.eu\/?s={search_term_string}\"},\"query-input\":{\"@type\":\"PropertyValueSpecification\",\"valueRequired\":true,\"valueName\":\"search_term_string\"}}],\"inLanguage\":\"de\"},{\"@type\":\"Organization\",\"@id\":\"https:\/\/shtandart.eu\/#organization\",\"name\":\"Shtandart\",\"url\":\"https:\/\/shtandart.eu\/\",\"logo\":{\"@type\":\"ImageObject\",\"inLanguage\":\"de\",\"@id\":\"https:\/\/shtandart.eu\/#\/schema\/logo\/image\/\",\"url\":\"https:\/\/shtandart.eu\/wp-content\/uploads\/2023\/12\/\u0411\u0435\u0437-\u0438\u043c\u0435\u043d\u0438-2.png\",\"contentUrl\":\"https:\/\/shtandart.eu\/wp-content\/uploads\/2023\/12\/\u0411\u0435\u0437-\u0438\u043c\u0435\u043d\u0438-2.png\",\"width\":512,\"height\":511,\"caption\":\"Shtandart\"},\"image\":{\"@id\":\"https:\/\/shtandart.eu\/#\/schema\/logo\/image\/\"},\"sameAs\":[\"https:\/\/www.facebook.com\/Frigate.Shtandart\/\"]}]}<\/script>\n<!-- \/ Yoast SEO plugin. -->","yoast_head_json":{"title":"Get Ready for your Journey - Shtandart","robots":{"index":"index","follow":"follow","max-snippet":"max-snippet:-1","max-image-preview":"max-image-preview:large","max-video-preview":"max-video-preview:-1"},"canonical":"https:\/\/shtandart.eu\/de\/prepare-your-journey\/","og_locale":"de_DE","og_type":"article","og_title":"Get Ready for your Journey - Shtandart","og_description":"Are you ready for your sailing trip? Here&#8217;s our checklist to help you! You must bring the following items: Items best left at home: safety equipment (weapons, sprays), valuables, expensive jewellery, hard suitcases. Some more useful information:","og_url":"https:\/\/shtandart.eu\/de\/prepare-your-journey\/","og_site_name":"Shtandart","article_publisher":"https:\/\/www.facebook.com\/Frigate.Shtandart\/","article_modified_time":"2023-12-28T09:16:00+00:00","twitter_card":"summary_large_image","twitter_misc":{"Gesch\u00e4tzte Lesezeit":"1\u00a0Minute"},"schema":{"@context":"https:\/\/schema.org","@graph":[{"@type":"WebPage","@id":"https:\/\/shtandart.eu\/prepare-your-journey\/","url":"https:\/\/shtandart.eu\/prepare-your-journey\/","name":"Get Ready for your Journey - Shtandart","isPartOf":{"@id":"https:\/\/shtandart.eu\/#website"},"datePublished":"2023-02-13T09:00:36+00:00","dateModified":"2023-12-28T09:16:00+00:00","breadcrumb":{"@id":"https:\/\/shtandart.eu\/prepare-your-journey\/#breadcrumb"},"inLanguage":"de","potentialAction":[{"@type":"ReadAction","target":["https:\/\/shtandart.eu\/prepare-your-journey\/"]}]},{"@type":"BreadcrumbList","@id":"https:\/\/shtandart.eu\/prepare-your-journey\/#breadcrumb","itemListElement":[{"@type":"ListItem","position":1,"name":"Home","item":"https:\/\/shtandart.eu\/"},{"@type":"ListItem","position":2,"name":"Get Ready for your Journey"}]},{"@type":"WebSite","@id":"https:\/\/shtandart.eu\/#website","url":"https:\/\/shtandart.eu\/","name":"Shtandart","description":"","publisher":{"@id":"https:\/\/shtandart.eu\/#organization"},"potentialAction":[{"@type":"SearchAction","target":{"@type":"EntryPoint","urlTemplate":"https:\/\/shtandart.eu\/?s={search_term_string}"},"query-input":{"@type":"PropertyValueSpecification","valueRequired":true,"valueName":"search_term_string"}}],"inLanguage":"de"},{"@type":"Organization","@id":"https:\/\/shtandart.eu\/#organization","name":"Shtandart","url":"https:\/\/shtandart.eu\/","logo":{"@type":"ImageObject","inLanguage":"de","@id":"https:\/\/shtandart.eu\/#\/schema\/logo\/image\/","url":"https:\/\/shtandart.eu\/wp-content\/uploads\/2023\/12\/\u0411\u0435\u0437-\u0438\u043c\u0435\u043d\u0438-2.png","contentUrl":"https:\/\/shtandart.eu\/wp-content\/uploads\/2023\/12\/\u0411\u0435\u0437-\u0438\u043c\u0435\u043d\u0438-2.png","width":512,"height":511,"caption":"Shtandart"},"image":{"@id":"https:\/\/shtandart.eu\/#\/schema\/logo\/image\/"},"sameAs":["https:\/\/www.facebook.com\/Frigate.Shtandart\/"]}]}},"_links":{"self":[{"href":"https:\/\/shtandart.eu\/de\/wp-json\/wp\/v2\/pages\/1267","targetHints":{"allow":["GET"]}}],"collection":[{"href":"https:\/\/shtandart.eu\/de\/wp-json\/wp\/v2\/pages"}],"about":[{"href":"https:\/\/shtandart.eu\/de\/wp-json\/wp\/v2\/types\/page"}],"author":[{"embeddable":true,"href":"https:\/\/shtandart.eu\/de\/wp-json\/wp\/v2\/users\/990011"}],"replies":[{"embeddable":true,"href":"https:\/\/shtandart.eu\/de\/wp-json\/wp\/v2\/comments?post=1267"}],"version-history":[{"count":15,"href":"https:\/\/shtandart.eu\/de\/wp-json\/wp\/v2\/pages\/1267\/revisions"}],"predecessor-version":[{"id":3133,"href":"https:\/\/shtandart.eu\/de\/wp-json\/wp\/v2\/pages\/1267\/revisions\/3133"}],"wp:attachment":[{"href":"https:\/\/shtandart.eu\/de\/wp-json\/wp\/v2\/media?parent=1267"}],"curies":[{"name":"wp","href":"https:\/\/api.w.org\/{rel}","templated":true}]}}